{"id":113,"date":"2025-03-10T13:08:41","date_gmt":"2025-03-10T13:08:41","guid":{"rendered":"https:\/\/mmoskwa.ksr.zgo.pl\/?page_id=113"},"modified":"2025-03-17T09:56:03","modified_gmt":"2025-03-17T09:56:03","slug":"kontakt","status":"publish","type":"page","link":"https:\/\/mmoskwa.ksr.zgo.pl\/index.php\/kontakt\/","title":{"rendered":"Kontakt"},"content":{"rendered":"\t\t<div data-elementor-type=\"wp-page\" data-elementor-id=\"113\" class=\"elementor elementor-113\">\n\t\t\t\t<div class=\"elementor-element elementor-element-7112cfb e-flex e-con-boxed e-con e-parent\" data-id=\"7112cfb\" data-element_type=\"container\">\n\t\t\t\t\t<div class=\"e-con-inner\">\n\t\t\t\t<div class=\"elementor-element elementor-element-54827d4 elementor-widget elementor-widget-spacer\" data-id=\"54827d4\" data-element_type=\"widget\" data-widget_type=\"spacer.default\">\n\t\t\t\t<div class=\"elementor-widget-container\">\n\t\t\t\t\t\t\t<div class=\"elementor-spacer\">\n\t\t\t<div class=\"elementor-spacer-inner\"><\/div>\n\t\t<\/div>\n\t\t\t\t\t\t<\/div>\n\t\t\t\t<\/div>\n\t\t\t\t\t<\/div>\n\t\t\t\t<\/div>\n\t\t<div class=\"elementor-element elementor-element-88502bf e-flex e-con-boxed e-con e-parent\" data-id=\"88502bf\" data-element_type=\"container\">\n\t\t\t\t\t<div class=\"e-con-inner\">\n\t\t\t\t<div class=\"elementor-element elementor-element-168d287 elementor-widget elementor-widget-text-editor\" data-id=\"168d287\" data-element_type=\"widget\" data-widget_type=\"text-editor.default\">\n\t\t\t\t<div class=\"elementor-widget-container\">\n\t\t\t\t\t\t\t\t\t<p>Komornik S\u0105dowy przy S\u0105dzie Rejonowym Pozna\u0144-Stare Miasto w Poznaniu<br \/>Kancelaria Komornicza nr XX w Suchym Lesie<br \/><span style=\"font-weight: 500; font-size: 1.1em;\">Ma\u0142gorzata Moskwa<\/span><br \/>ul. Meteorytowa 24\/2<br \/>62-002 Suchy Las<br \/>tel. 664 641 968, email: poznan.moskwa@komornik.pl<br \/>EPU ID: <span style=\"text-decoration: underline;\">3402<\/span> \u00a0 ePUAP: <span style=\"text-decoration: underline;\">\/KS_Moskwa\/ezbiegi<\/span><\/p>\t\t\t\t\t\t\t\t<\/div>\n\t\t\t\t<\/div>\n\t\t\t\t<div class=\"elementor-element elementor-element-ffb26b5 elementor-widget elementor-widget-text-editor\" data-id=\"ffb26b5\" data-element_type=\"widget\" data-widget_type=\"text-editor.default\">\n\t\t\t\t<div class=\"elementor-widget-container\">\n\t\t\t\t\t\t\t\t\t<p>Bank BG\u017b BNP Paribas S.A<br \/><strong>83 1600 1462 1715 0522 1000 0004<\/strong><br \/><small>W tytule przelewu prosz\u0119 wpisa\u0107 imi\u0119 i nazwisko d\u0142u\u017cnika oraz sygnatur\u0119 Km.<\/small><\/p>\t\t\t\t\t\t\t\t<\/div>\n\t\t\t\t<\/div>\n\t\t\t\t<div class=\"elementor-element elementor-element-452ba15 elementor-widget elementor-widget-text-editor\" data-id=\"452ba15\" data-element_type=\"widget\" data-widget_type=\"text-editor.default\">\n\t\t\t\t<div class=\"elementor-widget-container\">\n\t\t\t\t\t\t\t\t\tGODZINY PRACY<br \/>\nponiedzia\u0142ek &#8211; pi\u0105tek: 09:00 \u2013 14:00<br \/>\nGodziny przyj\u0119\u0107 interesant\u00f3w: poniedzia\u0142ek 09:00 \u2013 14:00\t\t\t\t\t\t\t\t<\/div>\n\t\t\t\t<\/div>\n\t\t\t\t\t<\/div>\n\t\t\t\t<\/div>\n\t\t<div class=\"elementor-element elementor-element-9e6e980 e-flex e-con-boxed e-con e-parent\" data-id=\"9e6e980\" data-element_type=\"container\">\n\t\t\t\t\t<div class=\"e-con-inner\">\n\t\t\t\t<div class=\"elementor-element elementor-element-778f865 elementor-widget elementor-widget-spacer\" data-id=\"778f865\" data-element_type=\"widget\" data-widget_type=\"spacer.default\">\n\t\t\t\t<div class=\"elementor-widget-container\">\n\t\t\t\t\t\t\t<div class=\"elementor-spacer\">\n\t\t\t<div class=\"elementor-spacer-inner\"><\/div>\n\t\t<\/div>\n\t\t\t\t\t\t<\/div>\n\t\t\t\t<\/div>\n\t\t\t\t\t<\/div>\n\t\t\t\t<\/div>\n\t\t<div class=\"elementor-element elementor-element-de2d8f6 e-flex e-con-boxed e-con e-parent\" data-id=\"de2d8f6\" data-element_type=\"container\">\n\t\t\t\t\t<div class=\"e-con-inner\">\n\t\t\t\t<div class=\"elementor-element elementor-element-826b98e elementor-widget elementor-widget-text-editor\" data-id=\"826b98e\" data-element_type=\"widget\" data-widget_type=\"text-editor.default\">\n\t\t\t\t<div class=\"elementor-widget-container\">\n\t\t\t\t\t\t\t\t\t<p><strong>Napisz do nas<\/strong><\/p>\t\t\t\t\t\t\t\t<\/div>\n\t\t\t\t<\/div>\n\t\t\t\t<div class=\"elementor-element elementor-element-7a054d7 elementor-widget elementor-widget-shortcode\" data-id=\"7a054d7\" data-element_type=\"widget\" data-widget_type=\"shortcode.default\">\n\t\t\t\t<div class=\"elementor-widget-container\">\n\t\t\t\t\t\t\t<div class=\"elementor-shortcode\">\n<div class=\"wpcf7 no-js\" id=\"wpcf7-f407-o1\" lang=\"pl-PL\" dir=\"ltr\" data-wpcf7-id=\"407\">\n<div class=\"screen-reader-response\"><p role=\"status\" aria-live=\"polite\" aria-atomic=\"true\"><\/p> <ul><\/ul><\/div>\n<form action=\"\/index.php\/wp-json\/wp\/v2\/pages\/113#wpcf7-f407-o1\" method=\"post\" class=\"wpcf7-form init\" aria-label=\"Formularz kontaktowy\" novalidate=\"novalidate\" data-status=\"init\">\n<div style=\"display: none;\">\n<input type=\"hidden\" name=\"_wpcf7\" value=\"407\" \/>\n<input type=\"hidden\" name=\"_wpcf7_version\" value=\"6.0.5\" \/>\n<input type=\"hidden\" name=\"_wpcf7_locale\" value=\"pl_PL\" \/>\n<input type=\"hidden\" name=\"_wpcf7_unit_tag\" value=\"wpcf7-f407-o1\" \/>\n<input type=\"hidden\" name=\"_wpcf7_container_post\" value=\"0\" \/>\n<input type=\"hidden\" name=\"_wpcf7_posted_data_hash\" value=\"\" \/>\n<\/div>\n<div class=\"form-container\">\n\t<div class=\"form-row\">\n\t\t<div class=\"form-column\">\n\t\t\t<p><span class=\"wpcf7-form-control-wrap\" data-name=\"your-name\"><input size=\"40\" maxlength=\"400\" class=\"wpcf7-form-control wpcf7-text wpcf7-validates-as-required\" aria-required=\"true\" aria-invalid=\"false\" placeholder=\"Twoje imi\u0119 i nazwisko\" value=\"\" type=\"text\" name=\"your-name\" \/><\/span>\n\t\t\t<\/p>\n\t\t<\/div>\n\t\t<div class=\"form-column\">\n\t\t\t<p><span class=\"wpcf7-form-control-wrap\" data-name=\"your-email\"><input size=\"40\" maxlength=\"400\" class=\"wpcf7-form-control wpcf7-email wpcf7-validates-as-required wpcf7-text wpcf7-validates-as-email\" aria-required=\"true\" aria-invalid=\"false\" placeholder=\"Tw\u00f3j adres e-mail\" value=\"\" type=\"email\" name=\"your-email\" \/><\/span>\n\t\t\t<\/p>\n\t\t<\/div>\n\t<\/div>\n\t<div class=\"form-full-width\">\n\t\t<p><span class=\"wpcf7-form-control-wrap\" data-name=\"your-subject\"><input size=\"40\" maxlength=\"400\" class=\"wpcf7-form-control wpcf7-text wpcf7-validates-as-required\" aria-required=\"true\" aria-invalid=\"false\" placeholder=\"Temat\" value=\"\" type=\"text\" name=\"your-subject\" \/><\/span>\n\t\t<\/p>\n\t<\/div>\n\t<div class=\"form-full-width\">\n\t\t<p><span class=\"wpcf7-form-control-wrap\" data-name=\"your-message\"><textarea cols=\"40\" rows=\"10\" maxlength=\"2000\" class=\"wpcf7-form-control wpcf7-textarea\" aria-invalid=\"false\" placeholder=\"Twoja wiadomo\u015bci (opcjonalne)\" name=\"your-message\"><\/textarea><\/span>\n\t\t<\/p>\n\t<\/div>\n\t<div class=\"submit-button\">\n\t\t<p><input class=\"wpcf7-form-control wpcf7-submit has-spinner\" type=\"submit\" value=\"Wy\u015blij\" \/>\n\t\t<\/p>\n\t<\/div>\n<\/div><input type='hidden' class='wpcf7-pum' value='{\"closepopup\":false,\"closedelay\":0,\"openpopup\":false,\"openpopup_id\":0}' \/><div class=\"wpcf7-response-output\" aria-hidden=\"true\"><\/div>\n<\/form>\n<\/div>\n<\/div>\n\t\t\t\t\t\t<\/div>\n\t\t\t\t<\/div>\n\t\t\t\t\t<\/div>\n\t\t\t\t<\/div>\n\t\t<div class=\"elementor-element elementor-element-ba65ae9 e-flex e-con-boxed e-con e-parent\" data-id=\"ba65ae9\" data-element_type=\"container\">\n\t\t\t\t\t<div class=\"e-con-inner\">\n\t\t\t\t<div class=\"elementor-element elementor-element-24c851c elementor-widget elementor-widget-spacer\" data-id=\"24c851c\" data-element_type=\"widget\" data-widget_type=\"spacer.default\">\n\t\t\t\t<div class=\"elementor-widget-container\">\n\t\t\t\t\t\t\t<div class=\"elementor-spacer\">\n\t\t\t<div class=\"elementor-spacer-inner\"><\/div>\n\t\t<\/div>\n\t\t\t\t\t\t<\/div>\n\t\t\t\t<\/div>\n\t\t\t\t\t<\/div>\n\t\t\t\t<\/div>\n\t\t<div class=\"elementor-element elementor-element-b35d643 e-con-full e-flex e-con e-parent\" data-id=\"b35d643\" data-element_type=\"container\">\n\t\t\t\t<div class=\"elementor-element elementor-element-da24054 elementor-widget elementor-widget-google_maps\" data-id=\"da24054\" data-element_type=\"widget\" data-widget_type=\"google_maps.default\">\n\t\t\t\t<div class=\"elementor-widget-container\">\n\t\t\t\t\t\t\t<div class=\"elementor-custom-embed\">\n\t\t\t<iframe loading=\"lazy\"\n\t\t\t\t\tsrc=\"https:\/\/maps.google.com\/maps?q=ul.%20Meteorytowa%2024%2F2%2C%2062-002%20Suchy%20Las&#038;t=m&#038;z=16&#038;output=embed&#038;iwloc=near\"\n\t\t\t\t\ttitle=\"ul. Meteorytowa 24\/2, 62-002 Suchy Las\"\n\t\t\t\t\taria-label=\"ul. Meteorytowa 24\/2, 62-002 Suchy Las\"\n\t\t\t><\/iframe>\n\t\t<\/div>\n\t\t\t\t\t\t<\/div>\n\t\t\t\t<\/div>\n\t\t\t\t<\/div>\n\t\t\t\t<\/div>\n\t\t","protected":false},"excerpt":{"rendered":"<p>Komornik S\u0105dowy przy S\u0105dzie Rejonowym Pozna\u0144-Stare Miasto w PoznaniuKancelaria Komornicza nr XX w Suchym LesieMa\u0142gorzata Moskwaul. Meteorytowa 24\/262-002 Suchy Lastel. 664 641 968, email: poznan.moskwa@komornik.plEPU ID: 3402 \u00a0 ePUAP: \/KS_Moskwa\/ezbiegi Bank BG\u017b BNP Paribas S.A83 1600 1462 1715 0522 1000 0004W tytule przelewu prosz\u0119 wpisa\u0107 imi\u0119 i nazwisko d\u0142u\u017cnika oraz sygnatur\u0119 Km. GODZINY PRACY poniedzia\u0142ek &#8211; pi\u0105tek: 09:00 \u2013 14:00 Godziny przyj\u0119\u0107 interesant\u00f3w: poniedzia\u0142ek 09:00 \u2013 14:00 Napisz do nas<\/p>\n","protected":false},"author":1,"featured_media":0,"parent":0,"menu_order":0,"comment_status":"closed","ping_status":"closed","template":"elementor_header_footer","meta":{"footnotes":""},"class_list":["post-113","page","type-page","status-publish","hentry"],"_links":{"self":[{"href":"https:\/\/mmoskwa.ksr.zgo.pl\/index.php\/wp-json\/wp\/v2\/pages\/113","targetHints":{"allow":["GET"]}}],"collection":[{"href":"https:\/\/mmoskwa.ksr.zgo.pl\/index.php\/wp-json\/wp\/v2\/pages"}],"about":[{"href":"https:\/\/mmoskwa.ksr.zgo.pl\/index.php\/wp-json\/wp\/v2\/types\/page"}],"author":[{"embeddable":true,"href":"https:\/\/mmoskwa.ksr.zgo.pl\/index.php\/wp-json\/wp\/v2\/users\/1"}],"replies":[{"embeddable":true,"href":"https:\/\/mmoskwa.ksr.zgo.pl\/index.php\/wp-json\/wp\/v2\/comments?post=113"}],"version-history":[{"count":55,"href":"https:\/\/mmoskwa.ksr.zgo.pl\/index.php\/wp-json\/wp\/v2\/pages\/113\/revisions"}],"predecessor-version":[{"id":525,"href":"https:\/\/mmoskwa.ksr.zgo.pl\/index.php\/wp-json\/wp\/v2\/pages\/113\/revisions\/525"}],"wp:attachment":[{"href":"https:\/\/mmoskwa.ksr.zgo.pl\/index.php\/wp-json\/wp\/v2\/media?parent=113"}],"curies":[{"name":"wp","href":"https:\/\/api.w.org\/{rel}","templated":true}]}}