{"id":59,"date":"2025-03-10T11:57:04","date_gmt":"2025-03-10T11:57:04","guid":{"rendered":"https:\/\/mmoskwa.ksr.zgo.pl\/?page_id=59"},"modified":"2025-03-13T08:50:05","modified_gmt":"2025-03-13T08:50:05","slug":"o-kancelarii","status":"publish","type":"page","link":"https:\/\/mmoskwa.ksr.zgo.pl\/index.php\/o-kancelarii\/","title":{"rendered":"O kancelarii"},"content":{"rendered":"\t\t<div data-elementor-type=\"wp-page\" data-elementor-id=\"59\" class=\"elementor elementor-59\">\n\t\t\t\t<div class=\"elementor-element elementor-element-23e125e e-flex e-con-boxed e-con e-parent\" data-id=\"23e125e\" data-element_type=\"container\">\n\t\t\t\t\t<div class=\"e-con-inner\">\n\t\t<div class=\"elementor-element elementor-element-78a6227 e-con-full e-flex e-con e-child\" data-id=\"78a6227\" data-element_type=\"container\">\n\t\t\t\t<div class=\"elementor-element elementor-element-a9eb495 elementor-widget elementor-widget-text-editor\" data-id=\"a9eb495\" data-element_type=\"widget\" data-widget_type=\"text-editor.default\">\n\t\t\t\t<div class=\"elementor-widget-container\">\n\t\t\t\t\t\t\t\t\t<p class=\"my-0\">Nasza Kancelaria \u0142\u0105czy tradycj\u0119 z nowoczesno\u015bci\u0105, oferuj\u0105c profesjonalne us\u0142ugi egzekucyjne. Wykorzystujemy zaawansowane narz\u0119dzia informatyczne, kt\u00f3re znacz\u0105co przyspieszaj\u0105 proces ustalania maj\u0105tku d\u0142u\u017cnika, czyni\u0105c nasze dzia\u0142ania skutecznymi i precyzyjnymi.<\/p>\n<strong>Komornik realizuje ustawowe zadania, obejmuj\u0105ce:<\/strong>\n\n \t<li>egzekucj\u0119 \u015bwiadcze\u0144 pieni\u0119\u017cnych<\/li>\n \t<li>zabezpieczenia<\/li>\n \t<li>eksmisje<\/li>\n \t<li>wydanie nieruchomo\u015bci i ruchomo\u015bci<\/li>\n \t<li>spisy inwentarza\n<p class=\"my-0\">Komornik jest uprawniony do pozyskiwania informacji od organ\u00f3w administracji publicznej, urz\u0119d\u00f3w skarbowych, bank\u00f3w oraz innych instytucji, niezb\u0119dnych do prawid\u0142owego prowadzenia post\u0119powania egzekucyjnego<span class=\"whitespace-nowrap\">.<\/span><\/p>\n<p class=\"my-0\">Ka\u017cde post\u0119powanie traktujemy indywidualnie, dostosowuj\u0105c strategi\u0119 do okoliczno\u015bci i potrzeb wierzyciela. Priorytetem jest zapewnienie rzetelnej i efektywnej egzekucji nale\u017cno\u015bci przy zachowaniu zgodno\u015bci z przepisami prawa. Dbamy o transparentno\u015b\u0107 procedur i sta\u0142y kontakt z klientami.<\/p>\n<p class=\"my-0\">Dzi\u0119ki do\u015bwiadczeniu i zaawansowanym technologiom skutecznie wspieramy wierzycieli w dochodzeniu nale\u017cnych im \u015bwiadcze\u0144. Wsp\u00f3\u0142pracujemy z instytucjami finansowymi i organami administracji publicznej, co pozwala nam kompleksowo realizowa\u0107 powierzone sprawy.<\/p>\n<p class=\"my-0\">Zapewniamy profesjonalizm, terminowo\u015b\u0107 i zaanga\u017cowanie w prowadzeniu spraw, skutecznie wspieraj\u0105c wierzycieli w dochodzeniu roszcze\u0144 oraz zapewniaj\u0105c pomoc prawn\u0105 na najwy\u017cszym poziomie.<\/p>\n\t\t\t\t\t\t\t\t<\/div>\n\t\t\t\t<\/div>\n\t\t\t\t<\/div>\n\t\t<div class=\"elementor-element elementor-element-6822457 e-con-full e-flex e-con e-child\" data-id=\"6822457\" data-element_type=\"container\">\n\t\t\t\t<div class=\"elementor-element elementor-element-3b45ec9 elementor-widget elementor-widget-image\" data-id=\"3b45ec9\" data-element_type=\"widget\" data-widget_type=\"image.default\">\n\t\t\t\t<div class=\"elementor-widget-container\">\n\t\t\t\t\t\t\t\t\t\t\t\t\t\t\t<img fetchpriority=\"high\" decoding=\"async\" width=\"768\" height=\"1178\" src=\"https:\/\/mmoskwa.ksr.zgo.pl\/wp-content\/uploads\/2025\/03\/DSC07771-768x1178.jpg\" class=\"attachment-medium_large size-medium_large wp-image-269\" alt=\"\" srcset=\"https:\/\/mmoskwa.ksr.zgo.pl\/wp-content\/uploads\/2025\/03\/DSC07771-768x1178.jpg 768w, https:\/\/mmoskwa.ksr.zgo.pl\/wp-content\/uploads\/2025\/03\/DSC07771-196x300.jpg 196w, https:\/\/mmoskwa.ksr.zgo.pl\/wp-content\/uploads\/2025\/03\/DSC07771-668x1024.jpg 668w, https:\/\/mmoskwa.ksr.zgo.pl\/wp-content\/uploads\/2025\/03\/DSC07771-1001x1536.jpg 1001w, https:\/\/mmoskwa.ksr.zgo.pl\/wp-content\/uploads\/2025\/03\/DSC07771-1140x1749.jpg 1140w, https:\/\/mmoskwa.ksr.zgo.pl\/wp-content\/uploads\/2025\/03\/DSC07771.jpg 1335w\" sizes=\"(max-width: 768px) 100vw, 768px\" \/>\t\t\t\t\t\t\t\t\t\t\t\t\t\t\t<\/div>\n\t\t\t\t<\/div>\n\t\t\t\t<\/div>\n\t\t\t\t\t<\/div>\n\t\t\t\t<\/div>\n\t\t<div class=\"elementor-element elementor-element-8328c53 e-flex e-con-boxed e-con e-parent\" data-id=\"8328c53\" data-element_type=\"container\">\n\t\t\t\t\t<div class=\"e-con-inner\">\n\t\t\t\t<div class=\"elementor-element elementor-element-68eabed elementor-position-left elementor-vertical-align-middle elementor-widget elementor-widget-image-box\" data-id=\"68eabed\" data-element_type=\"widget\" data-widget_type=\"image-box.default\">\n\t\t\t\t<div class=\"elementor-widget-container\">\n\t\t\t\t\t<div class=\"elementor-image-box-wrapper\"><figure class=\"elementor-image-box-img\"><img decoding=\"async\" width=\"1000\" height=\"400\" src=\"https:\/\/mmoskwa.ksr.zgo.pl\/wp-content\/uploads\/2025\/03\/komornicy_0006_logo_eZUS.png\" class=\"attachment-full size-full wp-image-64\" alt=\"\" srcset=\"https:\/\/mmoskwa.ksr.zgo.pl\/wp-content\/uploads\/2025\/03\/komornicy_0006_logo_eZUS.png 1000w, https:\/\/mmoskwa.ksr.zgo.pl\/wp-content\/uploads\/2025\/03\/komornicy_0006_logo_eZUS-300x120.png 300w, https:\/\/mmoskwa.ksr.zgo.pl\/wp-content\/uploads\/2025\/03\/komornicy_0006_logo_eZUS-768x307.png 768w\" sizes=\"(max-width: 1000px) 100vw, 1000px\" \/><\/figure><div class=\"elementor-image-box-content\"><p class=\"elementor-image-box-description\"><b>eZUS<\/b> Platforma Us\u0142ug Elektronicznych Zak\u0142adu Ubezpiecze\u0144 Spo\u0142ecznych pozwala na kierowanie zapyta\u0144 o d\u0142u\u017cnika drog\u0105 elektroniczn\u0105, co znacznie przyspiesza uzyskanie niezb\u0119dnych informacji dla prowadzonego post\u0119powania egzekucyjnego o d\u0142u\u017cniku.<\/p><\/div><\/div>\t\t\t\t<\/div>\n\t\t\t\t<\/div>\n\t\t\t\t<div class=\"elementor-element elementor-element-630ae48 elementor-widget-divider--view-line elementor-widget elementor-widget-divider\" data-id=\"630ae48\" data-element_type=\"widget\" data-widget_type=\"divider.default\">\n\t\t\t\t<div class=\"elementor-widget-container\">\n\t\t\t\t\t\t\t<div class=\"elementor-divider\">\n\t\t\t<span class=\"elementor-divider-separator\">\n\t\t\t\t\t\t<\/span>\n\t\t<\/div>\n\t\t\t\t\t\t<\/div>\n\t\t\t\t<\/div>\n\t\t\t\t\t<\/div>\n\t\t\t\t<\/div>\n\t\t<div class=\"elementor-element elementor-element-982dd7f e-flex e-con-boxed e-con e-parent\" data-id=\"982dd7f\" data-element_type=\"container\">\n\t\t\t\t\t<div class=\"e-con-inner\">\n\t\t\t\t<div class=\"elementor-element elementor-element-11ba95c elementor-position-left elementor-vertical-align-middle elementor-widget elementor-widget-image-box\" data-id=\"11ba95c\" data-element_type=\"widget\" data-widget_type=\"image-box.default\">\n\t\t\t\t<div class=\"elementor-widget-container\">\n\t\t\t\t\t<div class=\"elementor-image-box-wrapper\"><figure class=\"elementor-image-box-img\"><img decoding=\"async\" width=\"1000\" height=\"400\" src=\"https:\/\/mmoskwa.ksr.zgo.pl\/wp-content\/uploads\/2025\/03\/komornicy_0007_Logotyp_Ognivo.png\" class=\"attachment-full size-full wp-image-65\" alt=\"\" srcset=\"https:\/\/mmoskwa.ksr.zgo.pl\/wp-content\/uploads\/2025\/03\/komornicy_0007_Logotyp_Ognivo.png 1000w, https:\/\/mmoskwa.ksr.zgo.pl\/wp-content\/uploads\/2025\/03\/komornicy_0007_Logotyp_Ognivo-300x120.png 300w, https:\/\/mmoskwa.ksr.zgo.pl\/wp-content\/uploads\/2025\/03\/komornicy_0007_Logotyp_Ognivo-768x307.png 768w\" sizes=\"(max-width: 1000px) 100vw, 1000px\" \/><\/figure><div class=\"elementor-image-box-content\"><p class=\"elementor-image-box-description\"><b>Ognivo<\/b> umo\u017cliwia bezpieczn\u0105 i szybk\u0105 obs\u0142ug\u0119 zapyta\u0144 oraz zaj\u0119\u0107 egzekucyjnych drog\u0105 online, pomi\u0119dzy bankami a kancelari\u0105 komornicz\u0105. Pozwala to na znaczne przyspieszenie wykonania zada\u0144, kt\u00f3ry dotychczas odbywa\u0142 si\u0119 w formie papierowej.\n\n<\/p><\/div><\/div>\t\t\t\t<\/div>\n\t\t\t\t<\/div>\n\t\t\t\t<div class=\"elementor-element elementor-element-c6db8f4 elementor-widget-divider--view-line elementor-widget elementor-widget-divider\" data-id=\"c6db8f4\" data-element_type=\"widget\" data-widget_type=\"divider.default\">\n\t\t\t\t<div class=\"elementor-widget-container\">\n\t\t\t\t\t\t\t<div class=\"elementor-divider\">\n\t\t\t<span class=\"elementor-divider-separator\">\n\t\t\t\t\t\t<\/span>\n\t\t<\/div>\n\t\t\t\t\t\t<\/div>\n\t\t\t\t<\/div>\n\t\t\t\t\t<\/div>\n\t\t\t\t<\/div>\n\t\t<div class=\"elementor-element elementor-element-49ddfbb e-flex e-con-boxed e-con e-parent\" data-id=\"49ddfbb\" data-element_type=\"container\">\n\t\t\t\t\t<div class=\"e-con-inner\">\n\t\t\t\t<div class=\"elementor-element elementor-element-dea16a5 elementor-position-left elementor-vertical-align-middle elementor-widget elementor-widget-image-box\" data-id=\"dea16a5\" data-element_type=\"widget\" data-widget_type=\"image-box.default\">\n\t\t\t\t<div class=\"elementor-widget-container\">\n\t\t\t\t\t<div class=\"elementor-image-box-wrapper\"><figure class=\"elementor-image-box-img\"><img loading=\"lazy\" decoding=\"async\" width=\"1000\" height=\"400\" src=\"https:\/\/mmoskwa.ksr.zgo.pl\/wp-content\/uploads\/2025\/03\/komornicy_0000_logo_KO.png\" class=\"attachment-full size-full wp-image-66\" alt=\"\" srcset=\"https:\/\/mmoskwa.ksr.zgo.pl\/wp-content\/uploads\/2025\/03\/komornicy_0000_logo_KO.png 1000w, https:\/\/mmoskwa.ksr.zgo.pl\/wp-content\/uploads\/2025\/03\/komornicy_0000_logo_KO-300x120.png 300w, https:\/\/mmoskwa.ksr.zgo.pl\/wp-content\/uploads\/2025\/03\/komornicy_0000_logo_KO-768x307.png 768w\" sizes=\"(max-width: 1000px) 100vw, 1000px\" \/><\/figure><div class=\"elementor-image-box-content\"><p class=\"elementor-image-box-description\"><b>Komornik Online<\/b> System ten umo\u017cliwia podgl\u0105d post\u0119powa\u0144 egzekucyjnych z dowolnego miejsca. Z programu komornik on-line korzysta\u0107 mog\u0105 wierzyciele i pe\u0142nomocnicy wierzycieli z dost\u0119pem tylko i wy\u0142\u0105cznie do swoich spraw.\n\n<\/p><\/div><\/div>\t\t\t\t<\/div>\n\t\t\t\t<\/div>\n\t\t\t\t<div class=\"elementor-element elementor-element-b9010fc elementor-widget-divider--view-line elementor-widget elementor-widget-divider\" data-id=\"b9010fc\" data-element_type=\"widget\" data-widget_type=\"divider.default\">\n\t\t\t\t<div class=\"elementor-widget-container\">\n\t\t\t\t\t\t\t<div class=\"elementor-divider\">\n\t\t\t<span class=\"elementor-divider-separator\">\n\t\t\t\t\t\t<\/span>\n\t\t<\/div>\n\t\t\t\t\t\t<\/div>\n\t\t\t\t<\/div>\n\t\t\t\t\t<\/div>\n\t\t\t\t<\/div>\n\t\t<div class=\"elementor-element elementor-element-a0362a1 e-flex e-con-boxed e-con e-parent\" data-id=\"a0362a1\" data-element_type=\"container\">\n\t\t\t\t\t<div class=\"e-con-inner\">\n\t\t\t\t<div class=\"elementor-element elementor-element-ebfe0f9 elementor-position-left elementor-vertical-align-middle elementor-widget elementor-widget-image-box\" data-id=\"ebfe0f9\" data-element_type=\"widget\" data-widget_type=\"image-box.default\">\n\t\t\t\t<div class=\"elementor-widget-container\">\n\t\t\t\t\t<div class=\"elementor-image-box-wrapper\"><figure class=\"elementor-image-box-img\"><img loading=\"lazy\" decoding=\"async\" width=\"1000\" height=\"400\" src=\"https:\/\/mmoskwa.ksr.zgo.pl\/wp-content\/uploads\/2025\/03\/komornicy_0005_logo_epuap.png\" class=\"attachment-full size-full wp-image-375\" alt=\"\" srcset=\"https:\/\/mmoskwa.ksr.zgo.pl\/wp-content\/uploads\/2025\/03\/komornicy_0005_logo_epuap.png 1000w, https:\/\/mmoskwa.ksr.zgo.pl\/wp-content\/uploads\/2025\/03\/komornicy_0005_logo_epuap-300x120.png 300w, https:\/\/mmoskwa.ksr.zgo.pl\/wp-content\/uploads\/2025\/03\/komornicy_0005_logo_epuap-768x307.png 768w\" sizes=\"(max-width: 1000px) 100vw, 1000px\" \/><\/figure><div class=\"elementor-image-box-content\"><p class=\"elementor-image-box-description\"><b>ePUAP<\/b> - Elektroniczna Platforma Us\u0142ug Administracji Publicznej \u2013 Za pomoc\u0105 tego systemu komornik mo\u017ce przyspieszy\u0107 korespondencj\u0119 z urz\u0119dami gdy\u017c odbywa si\u0119 ona elektronicznie.\n<\/p><\/div><\/div>\t\t\t\t<\/div>\n\t\t\t\t<\/div>\n\t\t\t\t<div class=\"elementor-element elementor-element-488cde2 elementor-widget-divider--view-line elementor-widget elementor-widget-divider\" data-id=\"488cde2\" data-element_type=\"widget\" data-widget_type=\"divider.default\">\n\t\t\t\t<div class=\"elementor-widget-container\">\n\t\t\t\t\t\t\t<div class=\"elementor-divider\">\n\t\t\t<span class=\"elementor-divider-separator\">\n\t\t\t\t\t\t<\/span>\n\t\t<\/div>\n\t\t\t\t\t\t<\/div>\n\t\t\t\t<\/div>\n\t\t\t\t\t<\/div>\n\t\t\t\t<\/div>\n\t\t<div class=\"elementor-element elementor-element-d1b61f1 e-flex e-con-boxed e-con e-parent\" data-id=\"d1b61f1\" data-element_type=\"container\">\n\t\t\t\t\t<div class=\"e-con-inner\">\n\t\t\t\t<div class=\"elementor-element elementor-element-acd9777 elementor-position-left elementor-vertical-align-middle elementor-widget elementor-widget-image-box\" data-id=\"acd9777\" data-element_type=\"widget\" data-widget_type=\"image-box.default\">\n\t\t\t\t<div class=\"elementor-widget-container\">\n\t\t\t\t\t<div class=\"elementor-image-box-wrapper\"><figure class=\"elementor-image-box-img\"><img loading=\"lazy\" decoding=\"async\" width=\"1000\" height=\"400\" src=\"https:\/\/mmoskwa.ksr.zgo.pl\/wp-content\/uploads\/2025\/03\/komornicy_0001_logo_cepik.png\" class=\"attachment-full size-full wp-image-67\" alt=\"\" srcset=\"https:\/\/mmoskwa.ksr.zgo.pl\/wp-content\/uploads\/2025\/03\/komornicy_0001_logo_cepik.png 1000w, https:\/\/mmoskwa.ksr.zgo.pl\/wp-content\/uploads\/2025\/03\/komornicy_0001_logo_cepik-300x120.png 300w, https:\/\/mmoskwa.ksr.zgo.pl\/wp-content\/uploads\/2025\/03\/komornicy_0001_logo_cepik-768x307.png 768w\" sizes=\"(max-width: 1000px) 100vw, 1000px\" \/><\/figure><div class=\"elementor-image-box-content\"><p class=\"elementor-image-box-description\"><b>CEPiK<\/b> Centralna Ewidencja Pojazd\u00f3w i Kierowc\u00f3w umo\u017cliwia sk\u0142adanie zapyta\u0144 za po\u015brednictwem systemu teleinformatycznego przyczyniaj\u0105c si\u0119 do sprawnego pozyskiwania informacji na temat pojazd\u00f3w zarejestrowanych na d\u0142u\u017cnika.\n<\/p><\/div><\/div>\t\t\t\t<\/div>\n\t\t\t\t<\/div>\n\t\t\t\t<div class=\"elementor-element elementor-element-03a7929 elementor-widget-divider--view-line elementor-widget elementor-widget-divider\" data-id=\"03a7929\" data-element_type=\"widget\" data-widget_type=\"divider.default\">\n\t\t\t\t<div class=\"elementor-widget-container\">\n\t\t\t\t\t\t\t<div class=\"elementor-divider\">\n\t\t\t<span class=\"elementor-divider-separator\">\n\t\t\t\t\t\t<\/span>\n\t\t<\/div>\n\t\t\t\t\t\t<\/div>\n\t\t\t\t<\/div>\n\t\t\t\t\t<\/div>\n\t\t\t\t<\/div>\n\t\t<div class=\"elementor-element elementor-element-06e902c e-flex e-con-boxed e-con e-parent\" data-id=\"06e902c\" data-element_type=\"container\">\n\t\t\t\t\t<div class=\"e-con-inner\">\n\t\t\t\t<div class=\"elementor-element elementor-element-441838d elementor-position-left elementor-vertical-align-middle elementor-widget elementor-widget-image-box\" data-id=\"441838d\" data-element_type=\"widget\" data-widget_type=\"image-box.default\">\n\t\t\t\t<div class=\"elementor-widget-container\">\n\t\t\t\t\t<div class=\"elementor-image-box-wrapper\"><figure class=\"elementor-image-box-img\"><img loading=\"lazy\" decoding=\"async\" width=\"1000\" height=\"400\" src=\"https:\/\/mmoskwa.ksr.zgo.pl\/wp-content\/uploads\/2025\/03\/komornicy_0004_logo_CEIDG.png\" class=\"attachment-full size-full wp-image-68\" alt=\"\" srcset=\"https:\/\/mmoskwa.ksr.zgo.pl\/wp-content\/uploads\/2025\/03\/komornicy_0004_logo_CEIDG.png 1000w, https:\/\/mmoskwa.ksr.zgo.pl\/wp-content\/uploads\/2025\/03\/komornicy_0004_logo_CEIDG-300x120.png 300w, https:\/\/mmoskwa.ksr.zgo.pl\/wp-content\/uploads\/2025\/03\/komornicy_0004_logo_CEIDG-768x307.png 768w\" sizes=\"(max-width: 1000px) 100vw, 1000px\" \/><\/figure><div class=\"elementor-image-box-content\"><p class=\"elementor-image-box-description\"><b>CEIDG<\/b> Centralna Ewidencja i Informacja o Dzia\u0142alno\u015bci Gospodarczej pozwala na uzyskanie danych dotycz\u0105cych dzia\u0142alno\u015bci gospodarczej d\u0142u\u017cnika w tym na dost\u0119p do danych niepublicznych takich jak numer PESEL czy adres zamieszkania d\u0142u\u017cnika.\n<\/p><\/div><\/div>\t\t\t\t<\/div>\n\t\t\t\t<\/div>\n\t\t\t\t<div class=\"elementor-element elementor-element-a9d07fa elementor-widget-divider--view-line elementor-widget elementor-widget-divider\" data-id=\"a9d07fa\" data-element_type=\"widget\" data-widget_type=\"divider.default\">\n\t\t\t\t<div class=\"elementor-widget-container\">\n\t\t\t\t\t\t\t<div class=\"elementor-divider\">\n\t\t\t<span class=\"elementor-divider-separator\">\n\t\t\t\t\t\t<\/span>\n\t\t<\/div>\n\t\t\t\t\t\t<\/div>\n\t\t\t\t<\/div>\n\t\t\t\t\t<\/div>\n\t\t\t\t<\/div>\n\t\t<div class=\"elementor-element elementor-element-6f3e56c e-flex e-con-boxed e-con e-parent\" data-id=\"6f3e56c\" data-element_type=\"container\">\n\t\t\t\t\t<div class=\"e-con-inner\">\n\t\t\t\t<div class=\"elementor-element elementor-element-ce854cb elementor-position-left elementor-vertical-align-middle elementor-widget elementor-widget-image-box\" data-id=\"ce854cb\" data-element_type=\"widget\" data-widget_type=\"image-box.default\">\n\t\t\t\t<div class=\"elementor-widget-container\">\n\t\t\t\t\t<div class=\"elementor-image-box-wrapper\"><figure class=\"elementor-image-box-img\"><img loading=\"lazy\" decoding=\"async\" width=\"1000\" height=\"400\" src=\"https:\/\/mmoskwa.ksr.zgo.pl\/wp-content\/uploads\/2025\/03\/komornicy_0003_log_epu.png\" class=\"attachment-full size-full wp-image-69\" alt=\"\" srcset=\"https:\/\/mmoskwa.ksr.zgo.pl\/wp-content\/uploads\/2025\/03\/komornicy_0003_log_epu.png 1000w, https:\/\/mmoskwa.ksr.zgo.pl\/wp-content\/uploads\/2025\/03\/komornicy_0003_log_epu-300x120.png 300w, https:\/\/mmoskwa.ksr.zgo.pl\/wp-content\/uploads\/2025\/03\/komornicy_0003_log_epu-768x307.png 768w\" sizes=\"(max-width: 1000px) 100vw, 1000px\" \/><\/figure><div class=\"elementor-image-box-content\"><p class=\"elementor-image-box-description\"><b>EPU<\/b> Kancelaria posiada dost\u0119p elektroniczny do S\u0105du Rejonowego Lublin-Zach\u00f3d w Lublinie, kt\u00f3ry obs\u0142uguje Elektroniczne Post\u0119powanie Upominawcze tzw. \u201ee-s\u0105d\u201d daje mo\u017cliwo\u015b\u0107 sk\u0142adania du\u017cej ilo\u015bci wniosk\u00f3w egzekucyjnych za po\u015brednictwem systemu teleinformatycznego.\n<\/p><\/div><\/div>\t\t\t\t<\/div>\n\t\t\t\t<\/div>\n\t\t\t\t<div class=\"elementor-element elementor-element-069d4dc elementor-widget-divider--view-line elementor-widget elementor-widget-divider\" data-id=\"069d4dc\" data-element_type=\"widget\" data-widget_type=\"divider.default\">\n\t\t\t\t<div class=\"elementor-widget-container\">\n\t\t\t\t\t\t\t<div class=\"elementor-divider\">\n\t\t\t<span class=\"elementor-divider-separator\">\n\t\t\t\t\t\t<\/span>\n\t\t<\/div>\n\t\t\t\t\t\t<\/div>\n\t\t\t\t<\/div>\n\t\t\t\t\t<\/div>\n\t\t\t\t<\/div>\n\t\t<div class=\"elementor-element elementor-element-5b0c536 e-flex e-con-boxed e-con e-parent\" data-id=\"5b0c536\" data-element_type=\"container\">\n\t\t\t\t\t<div class=\"e-con-inner\">\n\t\t\t\t<div class=\"elementor-element elementor-element-a939489 elementor-position-left elementor-vertical-align-middle elementor-widget elementor-widget-image-box\" data-id=\"a939489\" data-element_type=\"widget\" data-widget_type=\"image-box.default\">\n\t\t\t\t<div class=\"elementor-widget-container\">\n\t\t\t\t\t<div class=\"elementor-image-box-wrapper\"><figure class=\"elementor-image-box-img\"><img loading=\"lazy\" decoding=\"async\" width=\"1000\" height=\"400\" src=\"https:\/\/mmoskwa.ksr.zgo.pl\/wp-content\/uploads\/2025\/03\/komornicy_0002_logo_ministerstwo.png\" class=\"attachment-full size-full wp-image-70\" alt=\"\" srcset=\"https:\/\/mmoskwa.ksr.zgo.pl\/wp-content\/uploads\/2025\/03\/komornicy_0002_logo_ministerstwo.png 1000w, https:\/\/mmoskwa.ksr.zgo.pl\/wp-content\/uploads\/2025\/03\/komornicy_0002_logo_ministerstwo-300x120.png 300w, https:\/\/mmoskwa.ksr.zgo.pl\/wp-content\/uploads\/2025\/03\/komornicy_0002_logo_ministerstwo-768x307.png 768w\" sizes=\"(max-width: 1000px) 100vw, 1000px\" \/><\/figure><div class=\"elementor-image-box-content\"><p class=\"elementor-image-box-description\"><b>CBDKW<\/b> Dost\u0119p elektroniczny do centralnej bazy danych ksi\u0105g wieczystych za po\u015brednictwem strony Ministerstwa Sprawiedliwo\u015bci.<\/p><\/div><\/div>\t\t\t\t<\/div>\n\t\t\t\t<\/div>\n\t\t\t\t\t<\/div>\n\t\t\t\t<\/div>\n\t\t<div class=\"elementor-element elementor-element-49d1c1d e-flex e-con-boxed e-con e-parent\" data-id=\"49d1c1d\" data-element_type=\"container\">\n\t\t\t\t\t<div class=\"e-con-inner\">\n\t\t\t\t<div class=\"elementor-element elementor-element-55e291d elementor-widget elementor-widget-spacer\" data-id=\"55e291d\" data-element_type=\"widget\" data-widget_type=\"spacer.default\">\n\t\t\t\t<div class=\"elementor-widget-container\">\n\t\t\t\t\t\t\t<div class=\"elementor-spacer\">\n\t\t\t<div class=\"elementor-spacer-inner\"><\/div>\n\t\t<\/div>\n\t\t\t\t\t\t<\/div>\n\t\t\t\t<\/div>\n\t\t\t\t\t<\/div>\n\t\t\t\t<\/div>\n\t\t\t\t<\/div>\n\t\t","protected":false},"excerpt":{"rendered":"<p>Nasza Kancelaria \u0142\u0105czy tradycj\u0119 z nowoczesno\u015bci\u0105, oferuj\u0105c profesjonalne us\u0142ugi egzekucyjne. Wykorzystujemy zaawansowane narz\u0119dzia informatyczne, kt\u00f3re znacz\u0105co przyspieszaj\u0105 proces ustalania maj\u0105tku d\u0142u\u017cnika, czyni\u0105c nasze dzia\u0142ania skutecznymi i precyzyjnymi. Komornik realizuje ustawowe zadania, obejmuj\u0105ce: egzekucj\u0119 \u015bwiadcze\u0144 pieni\u0119\u017cnych zabezpieczenia eksmisje wydanie nieruchomo\u015bci i ruchomo\u015bci spisy inwentarza Komornik jest uprawniony do pozyskiwania informacji od organ\u00f3w administracji publicznej, urz\u0119d\u00f3w skarbowych, bank\u00f3w oraz innych instytucji, niezb\u0119dnych do prawid\u0142owego prowadzenia post\u0119powania egzekucyjnego. Ka\u017cde post\u0119powanie traktujemy indywidualnie, dostosowuj\u0105c strategi\u0119 do okoliczno\u015bci i potrzeb wierzyciela. Priorytetem jest zapewnienie rzetelnej i efektywnej egzekucji nale\u017cno\u015bci przy zachowaniu zgodno\u015bci z przepisami prawa. Dbamy o transparentno\u015b\u0107 procedur i sta\u0142y kontakt z klientami. Dzi\u0119ki do\u015bwiadczeniu i zaawansowanym technologiom skutecznie wspieramy wierzycieli w dochodzeniu nale\u017cnych im \u015bwiadcze\u0144. Wsp\u00f3\u0142pracujemy z instytucjami finansowymi i organami administracji publicznej, co pozwala nam kompleksowo realizowa\u0107 powierzone sprawy. Zapewniamy profesjonalizm, terminowo\u015b\u0107 i zaanga\u017cowanie w prowadzeniu spraw, skutecznie wspieraj\u0105c wierzycieli w dochodzeniu roszcze\u0144 oraz zapewniaj\u0105c pomoc prawn\u0105 na najwy\u017cszym poziomie. eZUS Platforma Us\u0142ug Elektronicznych Zak\u0142adu Ubezpiecze\u0144 Spo\u0142ecznych pozwala na kierowanie zapyta\u0144 o d\u0142u\u017cnika drog\u0105 elektroniczn\u0105, co znacznie przyspiesza uzyskanie niezb\u0119dnych informacji dla prowadzonego post\u0119powania egzekucyjnego o d\u0142u\u017cniku. Ognivo umo\u017cliwia bezpieczn\u0105 i szybk\u0105 obs\u0142ug\u0119 zapyta\u0144 oraz zaj\u0119\u0107 egzekucyjnych drog\u0105 online, pomi\u0119dzy bankami a kancelari\u0105 komornicz\u0105. Pozwala to na znaczne przyspieszenie wykonania zada\u0144, kt\u00f3ry dotychczas odbywa\u0142 si\u0119 w formie papierowej. Komornik Online System ten umo\u017cliwia podgl\u0105d post\u0119powa\u0144 egzekucyjnych z dowolnego miejsca. Z programu komornik on-line korzysta\u0107 mog\u0105 wierzyciele i pe\u0142nomocnicy wierzycieli z dost\u0119pem tylko i wy\u0142\u0105cznie do swoich spraw. ePUAP &#8211; Elektroniczna Platforma Us\u0142ug Administracji Publicznej \u2013 Za pomoc\u0105 tego systemu komornik mo\u017ce przyspieszy\u0107 korespondencj\u0119 z urz\u0119dami gdy\u017c odbywa si\u0119 ona elektronicznie. CEPiK Centralna Ewidencja Pojazd\u00f3w i Kierowc\u00f3w umo\u017cliwia sk\u0142adanie zapyta\u0144 za po\u015brednictwem systemu teleinformatycznego przyczyniaj\u0105c si\u0119 do sprawnego pozyskiwania informacji na temat pojazd\u00f3w zarejestrowanych na d\u0142u\u017cnika. CEIDG Centralna Ewidencja i Informacja o Dzia\u0142alno\u015bci Gospodarczej pozwala na uzyskanie danych dotycz\u0105cych dzia\u0142alno\u015bci gospodarczej d\u0142u\u017cnika w tym na dost\u0119p do danych niepublicznych takich jak numer PESEL czy adres zamieszkania d\u0142u\u017cnika. EPU Kancelaria posiada dost\u0119p elektroniczny do S\u0105du Rejonowego Lublin-Zach\u00f3d w Lublinie, kt\u00f3ry obs\u0142uguje Elektroniczne Post\u0119powanie Upominawcze tzw. \u201ee-s\u0105d\u201d daje mo\u017cliwo\u015b\u0107 sk\u0142adania du\u017cej ilo\u015bci wniosk\u00f3w egzekucyjnych za po\u015brednictwem systemu teleinformatycznego. CBDKW Dost\u0119p elektroniczny do centralnej bazy danych ksi\u0105g wieczystych za po\u015brednictwem strony Ministerstwa Sprawiedliwo\u015bci.<\/p>\n","protected":false},"author":1,"featured_media":0,"parent":0,"menu_order":0,"comment_status":"closed","ping_status":"closed","template":"elementor_header_footer","meta":{"footnotes":""},"class_list":["post-59","page","type-page","status-publish","hentry"],"_links":{"self":[{"href":"https:\/\/mmoskwa.ksr.zgo.pl\/index.php\/wp-json\/wp\/v2\/pages\/59","targetHints":{"allow":["GET"]}}],"collection":[{"href":"https:\/\/mmoskwa.ksr.zgo.pl\/index.php\/wp-json\/wp\/v2\/pages"}],"about":[{"href":"https:\/\/mmoskwa.ksr.zgo.pl\/index.php\/wp-json\/wp\/v2\/types\/page"}],"author":[{"embeddable":true,"href":"https:\/\/mmoskwa.ksr.zgo.pl\/index.php\/wp-json\/wp\/v2\/users\/1"}],"replies":[{"embeddable":true,"href":"https:\/\/mmoskwa.ksr.zgo.pl\/index.php\/wp-json\/wp\/v2\/comments?post=59"}],"version-history":[{"count":31,"href":"https:\/\/mmoskwa.ksr.zgo.pl\/index.php\/wp-json\/wp\/v2\/pages\/59\/revisions"}],"predecessor-version":[{"id":378,"href":"https:\/\/mmoskwa.ksr.zgo.pl\/index.php\/wp-json\/wp\/v2\/pages\/59\/revisions\/378"}],"wp:attachment":[{"href":"https:\/\/mmoskwa.ksr.zgo.pl\/index.php\/wp-json\/wp\/v2\/media?parent=59"}],"curies":[{"name":"wp","href":"https:\/\/api.w.org\/{rel}","templated":true}]}}